{"id":227,"date":"2018-04-24T13:42:41","date_gmt":"2018-04-24T13:42:41","guid":{"rendered":"http:\/\/albrecht-fiedler.de\/?page_id=227"},"modified":"2025-03-23T10:40:46","modified_gmt":"2025-03-23T10:40:46","slug":"projekte-1994-2020","status":"publish","type":"page","link":"https:\/\/albrecht-fiedler.de\/projekte-1994-2020\/projekte-1994-2020\/","title":{"rendered":""},"content":{"rendered":"<p><span style=\"color: #000000; font-size: 18pt; font-family: arial, helvetica, sans-serif;\"><span style=\"font-size: 16pt;\"><span style=\"font-size: 18pt; color: #0a27c9;\">Projekte 1994-2023<\/span><\/span><\/span><\/p>\n<hr \/>\n<p><span style=\"font-size: 10pt;\"><strong><span style=\"color: #000000; font-family: arial, helvetica, sans-serif;\">Der Erfolg meiner Projekte basiert auf der richtigen Mitarbeiterauswahl, der Zielklarheit, der Zielakzeptanz und den Arbeitsbedingungen, denn gute Mitarbeiter entdecken die M\u00f6glichkeiten der Ver\u00e4nderungen genauso wie gute Berater! <span style=\"font-size: 14pt;\">\u21d2<\/span> <span class=\"tve_custom_font_size\" style=\"color: #38c27d;\" data-css=\"tve-u-161ae696699\"><span class=\"ttfm3\" data-css=\"tve-u-161ae69669a\"><span class=\"ttfm2\">(Expertise. <span class=\"tve_custom_font_size\" data-css=\"tve-u-161ae696699\">Erfahrung.<\/span> Effizienz.)<\/span><\/span><\/span><br \/>\n<\/span><\/strong><\/span><\/p>\n<p><strong><span style=\"color: #ff5500; font-family: arial, helvetica, sans-serif; font-size: 8pt;\">\u25ba \u00dcbersicht der <span style=\"color: #ff5500;\">Projekte<\/span> von 1994 bis 2023 &#8211; Seit Mitte 2023 bin ich im Ruhestand und berate i. B. Verlagerung von Mexiko in die USA <\/span><\/strong><br \/>\n<span style=\"font-family: arial, helvetica, sans-serif; font-size: 8pt;\"><strong><span style=\"color: #339966;\"><span style=\"color: #04b804;\">\u2022\u00a0 <\/span><\/span><\/strong><span style=\"color: #339966;\"><span style=\"color: #04b804;\"><span style=\"color: #333333;\">2023 Beratungsauftrag eines Automotiv-Mittelst\u00e4ndlers:<\/span><\/span><\/span><strong><span style=\"color: #339966;\"><span style=\"color: #04b804;\"><span style=\"color: #333333;\"> <span style=\"color: #3366ff;\">&#8222;<\/span><\/span><\/span><\/span><span style=\"color: #3366ff;\">Wie gr\u00fcnde und baue ich einen Standort in Mexiko oder in den USA bis zur Serienproduktion auf?&#8220;<\/span><\/strong><\/span><br \/>\n<span style=\"font-family: arial, helvetica, sans-serif; font-size: 8pt;\"><strong><span style=\"color: #339966;\"><span style=\"color: #04b804;\">\u2022\u00a0<\/span><\/span><\/strong><span style=\"color: #000000;\"> 2023 \/ 6KW Sanierungsgutachten i. A. eines Gesellschafters im IDW-S6-Standard \u00fcber einen Mittelst\u00e4ndler der Metall-Industrie (95 AK)<\/span><\/span><br \/>\n<span style=\"font-family: arial, helvetica, sans-serif; font-size: 8pt;\"><span style=\"color: #339966;\"><strong>\u2022\u00a0<\/strong><\/span> 2022 \/ 6KW Sanierungsgutachten i. A. der Sparkasse \/ HELABA im IDW-S6-Standard \u00fcber einen Mittelst\u00e4ndler aus Automotivzuliefer-Industrie (130 AK)<\/span><br \/>\n<span style=\"font-family: arial, helvetica, sans-serif; font-size: 8pt;\"><strong><span style=\"color: #339966;\"><span style=\"color: #04b804;\">\u2022<\/span>\u00a0<\/span> <\/strong><span style=\"color: #0000ff;\"><strong><em><span style=\"text-decoration: underline;\">Weiterbildung 2022<\/span>:<\/em> Essener Isolvenzforum als Pflichtfortbildung f\u00fcr das Fach &#8222;Restrukturierung und Unternehmensplanung&#8220; als Nachweis gem \u00a715 FAO<\/strong> <\/span><\/span><br \/>\n<span style=\"font-family: arial, helvetica, sans-serif; font-size: 8pt;\"><span style=\"color: #04b804;\">\u2022<\/span>\u00a0 01.2022 &#8211; 09.2022 Verlagerung der Medizinlogistik eines <span style=\"color: #000000;\">Gro\u00dflabors<\/span> f\u00fcr Untersuchungsgut von Arztpraxen und Krankenh\u00e4user (150 AK)<\/span><br \/>\n<span style=\"font-size: 8pt; font-family: arial, helvetica, sans-serif;\"><span style=\"font-family: arial, helvetica, sans-serif; font-size: 8pt;\"><span style=\"color: #00ff00;\"><span style=\"color: #04b804;\">\u2022<\/span>\u00a0<\/span> 01-08\/2021, gewerbl. Bauprojekt (Ausbau einer Immobili<\/span>e) \u00fcber 2.040 m<sup>2<\/sup> f\u00fcr den Wohnmobilmarkt in der Region K\u00f6ln<\/span><br \/>\n<span style=\"font-family: arial, helvetica, sans-serif; font-size: 8pt;\"><span style=\"color: #339966;\"><span style=\"color: #04b804;\">\u2022<\/span>\u00a0<\/span> <span style=\"color: #000000;\"><strong>2020<\/strong> <\/span>Betriebsschlie\u00dfung eines Produktionswerkes eines mittelst\u00e4ndischen <\/span><span style=\"font-family: arial, helvetica, sans-serif; font-size: 8pt;\">Automotiv-<\/span><span style=\"font-family: arial, helvetica, sans-serif; font-size: 8pt;\">Konzern mit 7.000 AK in Deutschland (230 AK) <\/span><br \/>\n<span style=\"color: #0000ff;\"><strong><span style=\"font-family: arial, helvetica, sans-serif; font-size: 8pt;\"><span style=\"color: #04b804;\">\u2022<\/span>\u00a0 <em><span style=\"text-decoration: underline;\">Weiterbildung 2020<\/span>:<\/em> SAP-Seminar, &#8222;Qualifizierung QM mit SAP ERP 6.0&#8220; <\/span><\/strong><\/span><br \/>\n<span style=\"font-size: 8pt;\"><span style=\"font-family: arial, helvetica, sans-serif;\"><span style=\"color: #04b804;\">\u2022<\/span>\u00a0 <\/span><span style=\"font-family: arial, helvetica, sans-serif; color: #000000;\">2019 Restrukturierung, weiterer Ausbau des dt. Werkes eines Automotive-Zulieferes der Elektromechanik in S.L.P. \/ Mexiko (100 AK)<\/span><\/span><br \/>\n<span style=\"color: #0000ff;\"><strong><span style=\"font-size: 8pt;\"><span style=\"font-family: arial, helvetica, sans-serif;\"><span style=\"color: #33cccc;\">\u2022<\/span>\u00a0 <em><span style=\"text-decoration: underline;\">Weiterbildung 2019<\/span>: <\/em><\/span><span style=\"font-family: arial, helvetica, sans-serif;\">Seminare &#8222;Digitales <\/span><span style=\"font-family: arial, helvetica, sans-serif;\">Projektmanagement nach GPM zertifiziert&#8220; <\/span><\/span><\/strong><\/span><br \/>\n<span style=\"font-family: arial, helvetica, sans-serif; font-size: 8pt; color: #000000;\"><span style=\"color: #04b804;\">\u2022\u00a0<\/span> <strong>2018<\/strong> Digitalisierung, Automatisierung der Logistik- &amp; SCM eines <span id=\"result_box\" class=\"short_text\" lang=\"en\">Food Manufacturers f\u00fcr Gew\u00fcrze und Kr\u00e4uter<\/span> in den USA (350 AK) <\/span><br \/>\n<span style=\"font-family: arial, helvetica, sans-serif; font-size: 8pt; color: #000000;\"><span style=\"color: #04b804;\">\u2022\u00a0<\/span> Ende 2017 \/ Anfang 2018 Sanierungsgutachten i. A. einer Sparkasse im IDW-S6-Standard eines Mittelst\u00e4ndlers der <span class=\"verdana10\">Blechverarbeit<\/span><span class=\"verdana10\">ung <\/span> (65 AK)<\/span><br \/>\n<span style=\"color: #000000; font-family: arial, helvetica, sans-serif; font-size: 8pt;\"><span style=\"color: #339966;\"><span style=\"color: #04b804;\">\u2022<\/span>\u00a0<\/span> <strong>2017<\/strong> Re-Positionierung eines Mittelst\u00e4ndlers f\u00fcr Verkabelungssysteme &amp; Schaltschrankbau (530 AK) <\/span><br \/>\n<span style=\"color: #0000ff;\"><strong><span style=\"font-size: 8pt;\"><span style=\"font-family: arial, helvetica, sans-serif;\"><span style=\"color: #04b804; font-size: 6pt;\"><span style=\"font-size: 8pt;\">\u2022<\/span>\u00a0<\/span> <em><span style=\"text-decoration: underline;\">Weiterbildung2017<\/span>: <\/em><\/span><span style=\"font-family: arial, helvetica, sans-serif;\">Seminar &#8222;grenz\u00fcberschreitende Restrukturierung&#8220; an der Fachhochschule Kufstein \/ Tirol, \u00d6sterreich<\/span><\/span><\/strong><\/span><br \/>\n<span style=\"color: #000000; font-family: arial, helvetica, sans-serif; font-size: 8pt;\"><span style=\"color: #04b804;\">\u2022<\/span>\u00a0 <strong>2016<\/strong> Restrukturierung eines US-amerikanischen Werkes der Kesselwaggonindustrie (95 AK) <\/span><br \/>\n<span style=\"color: #000000; font-family: arial, helvetica, sans-serif; font-size: 8pt;\"><span style=\"color: #04b804;\">\u2022<\/span>\u00a0 Gr\u00fcndung eines Entsorgungslogistikers f\u00fcr die Autoindustrie in Puebla \/ Mexiko (ca. 80 AK) <\/span><br \/>\n<span style=\"color: #000000; font-size: 8pt;\"><span style=\"font-family: arial, helvetica, sans-serif;\"><span style=\"color: #04b804;\">\u2022<\/span>\u00a0 Werksneubau eines Automotive-Zulieferers in <\/span><span style=\"font-family: arial, helvetica, sans-serif;\">Irapuato <\/span><span style=\"font-family: arial, helvetica, sans-serif;\"> \/ Mexiko (bis 300 AK)<\/span> <\/span><br \/>\n<span style=\"color: #000000; font-family: arial, helvetica, sans-serif; font-size: 8pt;\"><span style=\"color: #04b804;\">\u2022<\/span>\u00a0 Restrukturierung einer Kompaktwerft \/ Spezialschiffbau in Deutschland (750 AK) <\/span><br \/>\n<span style=\"color: #000000; font-family: arial, helvetica, sans-serif; font-size: 8pt;\"><span style=\"color: #04b804;\">\u2022<\/span>\u00a0 Werksaufbau f\u00fcr W\u00e4ge- und Food-Servicetechnik in Mexiko \/ San Luis Potosi (180 AK) <\/span><br \/>\n<span style=\"color: #000000; font-family: arial, helvetica, sans-serif; font-size: 8pt;\"><span style=\"color: #339966;\"><span style=\"color: #04b804;\">\u2022<\/span>\u00a0<\/span> Schneidmaschinenhersteller f\u00fcr die Lebensmittelindustrie (150 AK)<\/span><br \/>\n<span style=\"font-family: arial, helvetica, sans-serif; font-size: 8pt; color: #000000;\"><span style=\"color: #04b804;\">\u2022<\/span>\u00a0 Maschinenmesserhersteller Abkantwerkzeuge, Scherenmesser, Abkantfolie (200 AK)<\/span><br \/>\n<span style=\"color: #000000; font-family: arial, helvetica, sans-serif; font-size: 8pt;\"><span style=\"color: #04b804;\">\u2022<\/span>\u00a0 Werkzeughersteller von Pr\u00e4zisionswerkzeugen aus HSS, HSCo und VHM (350 AK)<\/span><br \/>\n<span style=\"color: #000000; font-size: 8pt;\"><span style=\"font-family: arial, helvetica, sans-serif;\"><span style=\"color: #04b804;\">\u2022<\/span>\u00a0 W<\/span><span style=\"font-family: arial, helvetica, sans-serif;\">egeoptimierte <\/span><span style=\"font-family: arial, helvetica, sans-serif;\">Lagerlogistik bei einem japanischer Reifenhersteller \/ Formel 1 Lieferer <\/span><span style=\"font-family: arial, helvetica, sans-serif;\"> in Hessen <\/span><span style=\"font-family: arial, helvetica, sans-serif;\">(230 AK)<\/span><\/span><br \/>\n<span style=\"color: #000000; font-family: arial, helvetica, sans-serif; font-size: 8pt;\"><span style=\"color: #04b804;\">\u2022\u00a0<\/span> Stahlbauunternehmen in Hessen (180 AK)<\/span><br \/>\n<span style=\"font-family: arial, helvetica, sans-serif; font-size: 8pt;\"><span style=\"color: #04b804;\">\u2022<\/span>\u00a0 Chemisch-pharmazeutische Verpackungswerke, Capacity planning &amp; Project engineering in den USA (25 AK)<\/span><br \/>\n<span style=\"font-size: 8pt; color: #000000;\"><span style=\"font-family: arial, helvetica, sans-serif;\"><span style=\"color: #04b804;\">\u2022<\/span>\u00a0 Chemisch-pharmazeutische Verpackungswerke, Produktionsleitung in <\/span><span style=\"font-family: arial, helvetica, sans-serif;\">Europa, 5 Werke (1<\/span><span style=\"font-family: arial, helvetica, sans-serif;\">500 AK)<\/span><\/span><br \/>\n<span style=\"color: #000000; font-family: arial, helvetica, sans-serif; font-size: 8pt;\"><span style=\"color: #04b804;\">\u2022\u00a0<\/span> Traditionswerk f\u00fcr Jagdwaffen in Th\u00fcringen (180 AK)<\/span><br \/>\n<span style=\"color: #000000; font-family: arial, helvetica, sans-serif; font-size: 8pt;\"><span style=\"color: #04b804;\">\u2022\u00a0<\/span> Vorgestellte ALU-Balkonhersteller in Th\u00fcringen (145 AK)<\/span><br \/>\n<span style=\"color: #000000; font-family: arial, helvetica, sans-serif; font-size: 8pt;\"><span style=\"color: #04b804;\">\u2022<\/span>\u00a0 Konservenfabrik f\u00fcr Frischgem\u00fcse in Th\u00fcringen (85 AK)<\/span><br \/>\n<span style=\"color: #000000; font-family: arial, helvetica, sans-serif; font-size: 8pt;\"><span style=\"color: #04b804;\">\u2022<\/span>\u00a0 B\u00e4ckerei mit 48 Filialen von M\u00fclheim an der Ruhr bis K\u00f6ln (450 AK)<\/span><br \/>\n<span style=\"color: #000000; font-family: arial, helvetica, sans-serif; font-size: 8pt;\"><span style=\"color: #04b804;\">\u2022<\/span>\u00a0 Hartsteinwerke, Steinbr\u00fcche, Asphaltmischanl., Stra\u00dfenbau (1300 AK)<\/span><br \/>\n<span style=\"color: #000000; font-family: arial, helvetica, sans-serif; font-size: 8pt;\"><span style=\"color: #04b804;\">\u2022<\/span>\u00a0 Natursteinwerk, Fassadenbau z.B. am Bundesarbeitsgericht \/ BAG Erfurt (120 AK)<\/span><br \/>\n<span style=\"color: #000000; font-family: arial, helvetica, sans-serif; font-size: 8pt;\"><span style=\"color: #04b804;\">\u2022\u00a0 <\/span>Hersteller von Vertriebs- und Spielautomaten (425 AK)<\/span><br \/>\n<span style=\"color: #000000; font-family: arial, helvetica, sans-serif; font-size: 8pt;\"><span style=\"color: #04b804;\">\u2022\u00a0 <span style=\"color: #000000;\">Reifen- und Schuhsohlenhersteller im Odenwald \/ Tochter der Bayer AG (780 AK)<\/span><\/span><\/span><br \/>\n<span style=\"color: #000000; font-family: arial, helvetica, sans-serif; font-size: 8pt;\"><span style=\"color: #04b804;\">\u2022\u00a0<\/span> Logistik- \/ Transportunternehmen in Hessen (220 AK)<\/span><br \/>\n<span style=\"color: #000000; font-family: arial, helvetica, sans-serif; font-size: 8pt;\"><span style=\"color: #04b804;\">\u2022<\/span>\u00a0 Satellitenanlagenhersteller &#8211; Logistik, SCM-Auftrag in NRW (400 AK)<\/span><br \/>\n<span style=\"color: #000000; font-family: arial, helvetica, sans-serif; font-size: 8pt;\"><span style=\"color: #04b804;\">\u2022<\/span>\u00a0 Druckerei f\u00fcr Etiketten-, Endlosdruck, Kalenderdruck und Verpackungsdruck (90 AK)<\/span><br \/>\n<span style=\"color: #000000; font-family: arial, helvetica, sans-serif; font-size: 11pt;\"><span style=\"font-size: 8pt;\"><span style=\"color: #04b804;\">\u2022\u00a0<\/span> Kammgarnproduzent aus Chemiefasern (insbes. Polyester\u2013 und Polyacrynitrilfasern) (380 AK)<\/span><br \/>\n<\/span><\/p>\n<p><strong><span style=\"color: #ff5500; font-family: arial, helvetica, sans-serif; font-size: 8pt;\">\u25ba Expertisen<\/span><\/strong><br \/>\n<span style=\"font-size: 8pt;\"><span style=\"color: #000000; font-family: arial, helvetica, sans-serif;\"><span style=\"color: #04b804;\">\u2022<\/span>\u00a0 56 Due Diligences, Feasibilty Studies oder Fortf\u00fchrungsprognosen in<\/span> <span style=\"color: #000000; font-family: arial, helvetica, sans-serif;\">Vorprojekten erstellt, die nicht alle zu Projektauftr\u00e4gen f\u00fchrten.<\/span><\/span><\/p>\n<p><strong><span style=\"color: #ff5500; font-family: arial, helvetica, sans-serif; font-size: 8pt;\">\u25ba Auftraggeber<\/span><\/strong><br \/>\n<span style=\"font-size: 8pt;\"><span style=\"color: #000000; font-family: arial, helvetica, sans-serif;\"><span style=\"color: #04b804;\">\u2022\u00a0<\/span> Gesch\u00e4fts- und Landesbanken, Private Equity Gesells<\/span><span style=\"color: #000000; font-family: arial, helvetica, sans-serif;\">chaften, Gesellschafter oder <\/span><span style=\"color: #000000; font-family: arial, helvetica, sans-serif;\">Verwaltungsr\u00e4te, Gesch\u00e4ftsf\u00fchrungen, Stb\/WP-Gesellschaften, IM-Provider<\/span><\/span><\/p>\n<p>&nbsp;<\/p>\n<p><img loading=\"lazy\" decoding=\"async\" class=\"size-full wp-image-7193 aligncenter\" src=\"http:\/\/albrecht-fiedler.de\/wp-content\/uploads\/2021\/04\/cropped-ff-logo_kl-1.jpg\" alt=\"\" width=\"68\" height=\"60\" \/><\/p>\n<p>&nbsp;<\/p>\n","protected":false},"excerpt":{"rendered":"<p>Projekte 1994-2023 Der Erfolg meiner Projekte basiert auf der richtigen Mitarbeiterauswahl, der Zielklarheit, der Zielakzeptanz und den Arbeitsbedingungen, denn gute Mitarbeiter entdecken die M\u00f6glichkeiten der Ver\u00e4nderungen genauso wie gute Berater! \u21d2 (Expertise. Erfahrung. Effizienz.) \u25ba \u00dcbersicht der Projekte von 1994 bis 2023 &#8211; Seit Mitte 2023 bin ich im Ruhestand und berate i. B. Verlagerung &#8230; <a title=\"\" class=\"read-more\" href=\"https:\/\/albrecht-fiedler.de\/projekte-1994-2020\/projekte-1994-2020\/\" aria-label=\"Mehr Informationen \u00fcber \">Weiterlesen<\/a><\/p>\n","protected":false},"author":1,"featured_media":0,"parent":0,"menu_order":0,"comment_status":"closed","ping_status":"closed","template":"","meta":{"footnotes":""},"class_list":["post-227","page","type-page","status-publish"],"_links":{"self":[{"href":"https:\/\/albrecht-fiedler.de\/projekte-1994-2020\/wp-json\/wp\/v2\/pages\/227","targetHints":{"allow":["GET"]}}],"collection":[{"href":"https:\/\/albrecht-fiedler.de\/projekte-1994-2020\/wp-json\/wp\/v2\/pages"}],"about":[{"href":"https:\/\/albrecht-fiedler.de\/projekte-1994-2020\/wp-json\/wp\/v2\/types\/page"}],"author":[{"embeddable":true,"href":"https:\/\/albrecht-fiedler.de\/projekte-1994-2020\/wp-json\/wp\/v2\/users\/1"}],"replies":[{"embeddable":true,"href":"https:\/\/albrecht-fiedler.de\/projekte-1994-2020\/wp-json\/wp\/v2\/comments?post=227"}],"version-history":[{"count":399,"href":"https:\/\/albrecht-fiedler.de\/projekte-1994-2020\/wp-json\/wp\/v2\/pages\/227\/revisions"}],"predecessor-version":[{"id":8693,"href":"https:\/\/albrecht-fiedler.de\/projekte-1994-2020\/wp-json\/wp\/v2\/pages\/227\/revisions\/8693"}],"wp:attachment":[{"href":"https:\/\/albrecht-fiedler.de\/projekte-1994-2020\/wp-json\/wp\/v2\/media?parent=227"}],"curies":[{"name":"wp","href":"https:\/\/api.w.org\/{rel}","templated":true}]}}