{"id":4093,"date":"2018-10-31T11:58:19","date_gmt":"2018-10-31T11:58:19","guid":{"rendered":"http:\/\/albrecht-fiedler.de\/?page_id=4093"},"modified":"2023-08-07T14:41:28","modified_gmt":"2023-08-07T14:41:28","slug":"proj-mgmt-methoden","status":"publish","type":"page","link":"https:\/\/albrecht-fiedler.de\/projekte-1994-2020\/proj-mgmt-methoden\/","title":{"rendered":"Projekt-Mgmt.-Methoden"},"content":{"rendered":"<p style=\"text-align: left;\"><span style=\"font-size: 18pt; font-family: arial, helvetica, sans-serif; color: #0a27c9;\">Projekt-Management-Methoden<\/span><\/p>\r\n<hr \/>\r\n<p><span style=\"font-size: 12pt;\"><strong><span style=\"font-family: arial, helvetica, sans-serif;\">Multiprojektmanagement, Programmmanagement, Projektportfoliomanagement, Gro\u00dfprojektmanagement<br \/><\/span><\/strong><\/span><\/p>\r\n<p><span style=\"font-family: arial, helvetica, sans-serif; font-size: 10pt;\">Alle Projekte haben eins gemeinsam: Projekt-Management-Methoden, an deren Anfang eine gr\u00fcndliche Projektplanung steht, die Projektstrukturen etablieren und Zielverfolgungsinstrumente einsetzen, haben deutlich h\u00f6here Chancen, erfolgreich abgeschlossen zu werden, als solche Projekte, die die Planung immer nur ad hoc und dann \u00fcbernehmen, wenn sie von anderer Seite dazu gen\u00f6tigt werden. <\/span> <span style=\"font-family: arial, helvetica, sans-serif; font-size: 10pt;\">Das h\u00f6chste Risiko f\u00fcr das Scheitern eines Projektes entsteht am Anfang der Umsetzungsphase. In dieser Phase werden alle Projektbeteiligten i.d.R. (excl. agiles PM) f\u00e4lschlicherweise gezwungen, sich auf die bestehenden Strukturen und die, den eigenen Vorstellungen h\u00e4ufig zuwider laufenden Dynamiken der Organisation und des Miteinanders einzulassen.<\/span> <span style=\"font-family: arial, helvetica, sans-serif; font-size: 10pt;\"> Die Anforderungen an eine st\u00e4ndige Weiterbildung von modernen Projekt-Management-Methoden UND die Anforderungen an eine regelm\u00e4\u00dfige und emphatische Kommunikation werden in Zukunft h\u00f6her als erwartet sein. Daraus hat sich auch der Gerdanke entwicklet, dass Projektmanagement das <strong><span style=\"color: #0000ff;\">&#8222;F\u00fchren ohne Vorgesetztenfunktion ist&#8220;<\/span>. <\/strong><\/span><\/p>\r\n<p><span style=\"font-size: 10pt; font-family: arial, helvetica, sans-serif;\">Die im folgenden Beispiel gezeigte Darstellung des Phasenablaufes von Projekten verdeutlicht, welche Aufgabe<span style=\"color: #000000;\">n in <span style=\"text-decoration: underline;\">allen<\/span> PM-<\/span>Methoden anfallen:<\/span>\u00a0<\/p>\r\n<p>&nbsp;<\/p>\r\n<p>Graphik wird zurzeit erstellt. <span style=\"font-family: arial, helvetica, sans-serif; font-size: 8pt; color: #0000ff;\">(April 2023)<\/span><\/p>\r\n<p>&nbsp;<\/p>\r\n<p><span style=\"font-size: 10pt;\"><span style=\"font-family: arial, helvetica, sans-serif;\">Was in der Darstellung nicht deutlich wird, ist, dass es zwischen den Phasen des Modells ein \u201ahin-und-her\u2018 geben kann. So zeigt etwa die Einf\u00fchrung eines Projektelementes, dass in der Grobplanung bestimmte Komponenten nicht ber\u00fccksichtigt waren. Hier muss noch einmal nachgeplant werden &#8211; sowohl grob, wie auch fein. <\/span><span style=\"font-family: arial, helvetica, sans-serif;\">Auch besteht keine Gleichzeitigkeit in der Entwicklungsgeschwindigkeit aller Projekt-Teilziele. Wo ein Aspekt des Projektes schon realisiert ist und sich in der Dokumentation befindet, ist ein weiterer noch nicht \u00fcber die Definition des Zieles hinweg gekommen. Dieses vorgenannte Standardmodell\u00a0 dient wie die vorher genannten Instrumente als Hilfestellung bei der Analyse von Projekten. <\/span><\/span> <span style=\"font-size: 10pt;\"><strong><span style=\"font-family: arial, helvetica, sans-serif;\">Abschlie\u00dfend meine Leits\u00e4tze, die den \u201aGeist\u2018 meines Projektmanagements aufgrund langj\u00e4hriger Erfahrung widerspiegeln:<\/span><\/strong><\/span><\/p>\r\n<p style=\"padding-left: 30px;\"><span style=\"font-size: 10pt; font-family: arial, helvetica, sans-serif;\">1. Zielerreichung und effiziente Erledigung der Projektaufgabe stehen im Vordergrund.<\/span> <span style=\"font-size: 10pt; font-family: arial, helvetica, sans-serif;\">2. Die betroffenen Mitarbeiter werden an der Projektarbeit beteiligt.<\/span> <span style=\"font-size: 10pt; font-family: arial, helvetica, sans-serif;\">3. Die Erarbeitung von Ergebnissen und Konzepten erfolgt interdisziplin\u00e4r.<\/span> <span style=\"font-size: 10pt; font-family: arial, helvetica, sans-serif;\">4. Projekt-Arbeit ist Teamarbeit.<\/span> <span style=\"font-size: 10pt; font-family: arial, helvetica, sans-serif;\">5. Die Projektleitung hat eine moderierende, koordinierende und unterst\u00fctzende Funktion.<\/span> <span style=\"font-size: 10pt; font-family: arial, helvetica, sans-serif;\">6. Projekt-Arbeit ist ein Lernprozess.<\/span> <span style=\"font-size: 10pt; font-family: arial, helvetica, sans-serif;\">7. Die Planung wird schrittweise konkretisiert, nahe Arbeitsschritte und Ergebnisse werden detailliert geplant, ferne nur grob.<\/span> <span style=\"font-size: 10pt; font-family: arial, helvetica, sans-serif;\">8. Sch\u00f6pferisches Chaos ist vor\u00fcbergehend erlaubt. Es darf aber nicht als Rechtfertigung f\u00fcr einen Mangel an Planung und Organisation dienen.<\/span> <span style=\"font-size: 10pt; font-family: arial, helvetica, sans-serif;\">9. Es wird regelm\u00e4\u00dfig Transparenz \u00fcber Projektziele-, Verlauf und \u2013Ergebnisse hergestellt.<\/span> <span style=\"font-size: 10pt; font-family: arial, helvetica, sans-serif;\">10. Soviel externe Unterst\u00fctzung wie n\u00f6tig und sowenig wie m\u00f6glich.<\/span> <span style=\"font-size: 10pt; font-family: arial, helvetica, sans-serif;\">11. Agieren statt reagieren \u2013 Probleme werden durch systematisches Projekt-Controlling antizipiert.<\/span> <span style=\"font-size: 10pt; font-family: arial, helvetica, sans-serif;\">12. Projekt-Arbeit wird klar gegen Alltagsarbeit abgegrenzt.<\/span> <span style=\"font-size: 10pt; font-family: arial, helvetica, sans-serif;\">13. Projekte werden z\u00fcgig durchgef\u00fchrt.<\/span><\/p>\r\n<p>&nbsp;<\/p>\r\n<p><span style=\"font-size: 10pt;\"><!-- \/wp:post-content -->\r\n\r\n<!-- wp:paragraph --><\/span><\/p>","protected":false},"excerpt":{"rendered":"<p>Projekt-Management-Methoden Multiprojektmanagement, Programmmanagement, Projektportfoliomanagement, Gro\u00dfprojektmanagement Alle Projekte haben eins gemeinsam: Projekt-Management-Methoden, an deren Anfang eine gr\u00fcndliche Projektplanung steht, die Projektstrukturen etablieren und Zielverfolgungsinstrumente einsetzen, haben deutlich h\u00f6here Chancen, erfolgreich abgeschlossen zu werden, als solche Projekte, die die Planung immer nur ad hoc und dann \u00fcbernehmen, wenn sie von anderer Seite dazu gen\u00f6tigt werden. Das h\u00f6chste &#8230; <a title=\"Projekt-Mgmt.-Methoden\" class=\"read-more\" href=\"https:\/\/albrecht-fiedler.de\/projekte-1994-2020\/proj-mgmt-methoden\/\" aria-label=\"Mehr Informationen \u00fcber Projekt-Mgmt.-Methoden\">Weiterlesen<\/a><\/p>\n","protected":false},"author":1,"featured_media":0,"parent":0,"menu_order":0,"comment_status":"closed","ping_status":"closed","template":"","meta":{"footnotes":""},"class_list":["post-4093","page","type-page","status-publish"],"_links":{"self":[{"href":"https:\/\/albrecht-fiedler.de\/projekte-1994-2020\/wp-json\/wp\/v2\/pages\/4093","targetHints":{"allow":["GET"]}}],"collection":[{"href":"https:\/\/albrecht-fiedler.de\/projekte-1994-2020\/wp-json\/wp\/v2\/pages"}],"about":[{"href":"https:\/\/albrecht-fiedler.de\/projekte-1994-2020\/wp-json\/wp\/v2\/types\/page"}],"author":[{"embeddable":true,"href":"https:\/\/albrecht-fiedler.de\/projekte-1994-2020\/wp-json\/wp\/v2\/users\/1"}],"replies":[{"embeddable":true,"href":"https:\/\/albrecht-fiedler.de\/projekte-1994-2020\/wp-json\/wp\/v2\/comments?post=4093"}],"version-history":[{"count":69,"href":"https:\/\/albrecht-fiedler.de\/projekte-1994-2020\/wp-json\/wp\/v2\/pages\/4093\/revisions"}],"predecessor-version":[{"id":8631,"href":"https:\/\/albrecht-fiedler.de\/projekte-1994-2020\/wp-json\/wp\/v2\/pages\/4093\/revisions\/8631"}],"wp:attachment":[{"href":"https:\/\/albrecht-fiedler.de\/projekte-1994-2020\/wp-json\/wp\/v2\/media?parent=4093"}],"curies":[{"name":"wp","href":"https:\/\/api.w.org\/{rel}","templated":true}]}}