{"id":4822,"date":"2019-01-15T09:01:26","date_gmt":"2019-01-15T09:01:26","guid":{"rendered":"http:\/\/albrecht-fiedler.de\/?page_id=4822"},"modified":"2019-01-15T12:30:38","modified_gmt":"2019-01-15T12:30:38","slug":"mangement-execution-system-mes","status":"publish","type":"page","link":"https:\/\/albrecht-fiedler.de\/projekte-1994-2020\/mangement-execution-system-mes\/","title":{"rendered":"Mgmt. Execution System"},"content":{"rendered":"<p><span id=\"Die_standardisierten_Kennzahlen\" class=\"mw-headline\" style=\"font-family: arial, helvetica, sans-serif; font-size: 18pt; color: #0a27c9;\">Standardisierte Kennzahlen<\/span><\/p>\n<hr \/>\n<p><span style=\"color: #ff0000; font-size: 8pt;\">Diese Seite ist zurzeit noch in Arbeit. Sie basiert im Wesentlichen auf der Richtlinie der VDMA 66412-1:<\/span><\/p>\n<p><span style=\"font-family: arial, helvetica, sans-serif; font-size: 10pt; color: #008000;\"><span style=\"color: #333333;\">Das VDMA-Einheitsblatt 66412 enth\u00e4lt eine Sammlung betriebswirtschaftlicher Kennzahlen (MES) f\u00fcr den Bereich der Fertigungssteuerung und -\u00fcberwachung zur Beurteilung und Festlegung der Zielvorgaben von Fertigungsprozessen.\u00a0Das Manufacturing Execution System MES soll die Verbindung schaffen zwischen dem Enterprise Resource Planning (ERP) und der Produktion. Dazu werden Fakten aus der Fabrik\u00a0 erfasst und zu Informationen f\u00fcr das Management verdichtet. Bisher war diese Technik gepr\u00e4gt von Branchenl\u00f6sungen. Dadurch waren bisher die Resultate, dargestellt in Form von Kennzahlen, nur eingeschr\u00e4nkt vergleichbar, es gab keine gemeinsame Sprache. Diesem Missstand will der VDMA mit einem neuen Einheitsblatt entgegen wirken, mit Blick auf eine internationale ISO-Norm.<\/span> <\/span><\/p>\n<ul>\n<li><span style=\"font-family: arial, helvetica, sans-serif; font-size: 10pt;\">Beleggrad<\/span><\/li>\n<li><span style=\"font-family: arial, helvetica, sans-serif; font-size: 10pt;\">Durchsatz<\/span><\/li>\n<li><span style=\"font-family: arial, helvetica, sans-serif; font-size: 10pt;\">Belegnutzgrad<\/span><\/li>\n<li><span style=\"font-family: arial, helvetica, sans-serif; font-size: 10pt;\">Nutzgrad<\/span><\/li>\n<li><span style=\"font-family: arial, helvetica, sans-serif; font-size: 10pt;\">Overall Equipment Effectiveness (OEE)<\/span><\/li>\n<li><span style=\"font-family: arial, helvetica, sans-serif; font-size: 10pt;\">Netto-Gesamtanlageneffektivit\u00e4t (NGE)<\/span><\/li>\n<li><span style=\"font-family: arial, helvetica, sans-serif; font-size: 10pt;\">Verf\u00fcgbarkeit<\/span><\/li>\n<li><span style=\"font-family: arial, helvetica, sans-serif; font-size: 10pt;\">Effektivit\u00e4t<\/span><\/li>\n<li><span style=\"font-family: arial, helvetica, sans-serif; font-size: 10pt;\">Qualit\u00e4tsrate<\/span><\/li>\n<li><span style=\"font-family: arial, helvetica, sans-serif; font-size: 10pt;\">R\u00fcstgrad<\/span><\/li>\n<li><span style=\"font-family: arial, helvetica, sans-serif; font-size: 10pt;\">Technischer Nutzgrad<\/span><\/li>\n<li><span style=\"font-family: arial, helvetica, sans-serif; font-size: 10pt;\">Prozessgrad<\/span><\/li>\n<li><span style=\"font-family: arial, helvetica, sans-serif; font-size: 10pt;\">Ausschussgrad<\/span><\/li>\n<li><span style=\"font-family: arial, helvetica, sans-serif; font-size: 10pt;\">Erstausbeute (englisch <i><span lang=\"en\">first pass yield<\/span><\/i>, FPY)<\/span><\/li>\n<li><span style=\"font-family: arial, helvetica, sans-serif; font-size: 10pt;\">Ausschussquote<\/span><\/li>\n<li><span style=\"font-family: arial, helvetica, sans-serif; font-size: 10pt;\">Nacharbeitsquote<\/span><\/li>\n<li><span style=\"font-family: arial, helvetica, sans-serif; font-size: 10pt;\">Fehlerquote<\/span><\/li>\n<li><span style=\"font-family: arial, helvetica, sans-serif; font-size: 10pt;\">Ausfallrate<\/span><\/li>\n<li><span style=\"font-family: arial, helvetica, sans-serif; font-size: 10pt;\">Maschinenf\u00e4higkeit<\/span><\/li>\n<li><span style=\"font-family: arial, helvetica, sans-serif; font-size: 10pt;\">Kritische Maschinenf\u00e4higkeit<\/span><\/li>\n<li><span style=\"font-family: arial, helvetica, sans-serif; font-size: 10pt;\">Prozessf\u00e4higkeit<\/span><\/li>\n<li><span style=\"font-family: arial, helvetica, sans-serif; font-size: 10pt;\">Kritische Prozessf\u00e4higkeit<\/span><\/li>\n<li><span style=\"font-family: arial, helvetica, sans-serif; font-size: 10pt;\">St\u00f6rungsgrad<\/span><\/li>\n<li><span style=\"font-family: arial, helvetica, sans-serif; font-size: 10pt;\">Ausschusskosten<\/span><\/li>\n<li><span style=\"font-family: arial, helvetica, sans-serif; font-size: 10pt;\">Ma\u00dfnahmen-Index<\/span><\/li>\n<li><span style=\"font-family: arial, helvetica, sans-serif; font-size: 10pt;\">Ausschusskosten-Index<\/span><\/li>\n<\/ul>\n","protected":false},"excerpt":{"rendered":"<p>Standardisierte Kennzahlen Diese Seite ist zurzeit noch in Arbeit. Sie basiert im Wesentlichen auf der Richtlinie der VDMA 66412-1: Das VDMA-Einheitsblatt 66412 enth\u00e4lt eine Sammlung betriebswirtschaftlicher Kennzahlen (MES) f\u00fcr den Bereich der Fertigungssteuerung und -\u00fcberwachung zur Beurteilung und Festlegung der Zielvorgaben von Fertigungsprozessen.\u00a0Das Manufacturing Execution System MES soll die Verbindung schaffen zwischen dem Enterprise Resource &#8230; <a title=\"Mgmt. Execution System\" class=\"read-more\" href=\"https:\/\/albrecht-fiedler.de\/projekte-1994-2020\/mangement-execution-system-mes\/\" aria-label=\"Mehr Informationen \u00fcber Mgmt. Execution System\">Weiterlesen<\/a><\/p>\n","protected":false},"author":1,"featured_media":0,"parent":0,"menu_order":0,"comment_status":"closed","ping_status":"closed","template":"","meta":{"footnotes":""},"class_list":["post-4822","page","type-page","status-publish"],"_links":{"self":[{"href":"https:\/\/albrecht-fiedler.de\/projekte-1994-2020\/wp-json\/wp\/v2\/pages\/4822","targetHints":{"allow":["GET"]}}],"collection":[{"href":"https:\/\/albrecht-fiedler.de\/projekte-1994-2020\/wp-json\/wp\/v2\/pages"}],"about":[{"href":"https:\/\/albrecht-fiedler.de\/projekte-1994-2020\/wp-json\/wp\/v2\/types\/page"}],"author":[{"embeddable":true,"href":"https:\/\/albrecht-fiedler.de\/projekte-1994-2020\/wp-json\/wp\/v2\/users\/1"}],"replies":[{"embeddable":true,"href":"https:\/\/albrecht-fiedler.de\/projekte-1994-2020\/wp-json\/wp\/v2\/comments?post=4822"}],"version-history":[{"count":10,"href":"https:\/\/albrecht-fiedler.de\/projekte-1994-2020\/wp-json\/wp\/v2\/pages\/4822\/revisions"}],"predecessor-version":[{"id":4838,"href":"https:\/\/albrecht-fiedler.de\/projekte-1994-2020\/wp-json\/wp\/v2\/pages\/4822\/revisions\/4838"}],"wp:attachment":[{"href":"https:\/\/albrecht-fiedler.de\/projekte-1994-2020\/wp-json\/wp\/v2\/media?parent=4822"}],"curies":[{"name":"wp","href":"https:\/\/api.w.org\/{rel}","templated":true}]}}