{"id":7305,"date":"2021-04-29T15:28:19","date_gmt":"2021-04-29T15:28:19","guid":{"rendered":"http:\/\/albrecht-fiedler.de\/?page_id=7305"},"modified":"2021-04-29T21:23:01","modified_gmt":"2021-04-29T21:23:01","slug":"idw-s6","status":"publish","type":"page","link":"https:\/\/albrecht-fiedler.de\/projekte-1994-2020\/idw-s6\/","title":{"rendered":"IDW S6"},"content":{"rendered":"<p><span class=\"ms-rodlStyle-PrimaryTextIntroduction\">Unternehmen, von deren Gesch\u00e4fts\u00adf\u00fchrern ein IDW S 6 Gutachten gefordert wird, haben im Regelfall (Finanzierungs-)Probleme. Die Gesch\u00e4ftsf\u00fchrer sind angehalten, einen externen Fachmann zu beauftragen, der ein Sanierungsgutachten nach IDW S 6 erstellt. Durch das Gutachten erh\u00e4lt das Unter\u00adnehmen ein qualifiziertes und aussage\u00adkr\u00e4ftiges Testat dar\u00fcber, wie schwerwiegend die Krise ist, in der sich das Unternehmen befindet. Der Artikel soll einen kurzen \u00dcber\u00adblick \u00fcber den Hintergrund und Inhalt eines Sanierungsgutachtens nach IDW S 6 geben.<\/span><\/p>\n<p>Zielsetzung eines Sanierungs\u00adgutachtens nach IDW S 6 ist die Beurteilung der Sanierungs<strong>\u00adf\u00e4higkeit<\/strong> und &#8211;<strong>w\u00fcrdigkeit<\/strong> des Krisen\u00adunter\u00adnehmens. Obwohl jede Krise bei einem Unternehmen anders verl\u00e4uft, hat das IDW einen Standard etabliert, der allen Beteiligten vermitteln soll, welche Anfor\u00adderungen und Inhalte ein Sanierungsgutachten nach der Rechtsprechung des BGH behandeln muss.<\/p>\n<p>Die Beurteilung wird in zwei Stufen eingeteilt. Zum einen muss eine positive insolvenz\u00adrecht\u00adliche Fortbe\u00adstehens\u00adprognose bejaht werden. Es d\u00fcrfen also keine rechtlichen oder tats\u00e4chlichen Gegebenheiten der Fortf\u00fchrung der Unternehmenst\u00e4tigkeit entgegenstehen. So darf das Unternehmen bspw. nicht insolvenz\u00adantrags\u00adpflichtig sein. Zum anderen m\u00fcssen durch geeignete Sanierungs\u00adma\u00df\u00adnahmen sowohl die Wett\u00adbewerbs\u00adf\u00e4hig\u00adkeit als auch die Renditef\u00e4higkeit wiedererlangt werden k\u00f6nnen. Am Ende des Betrachtungs\u00adzeitraums muss das Unterneh\u00admen daher erneut attraktiv f\u00fcr Eigenkapital- und Fremdkapitalgeber sein.<\/p>\n<p>Um die weitreichende Fragestellung nach der Sanierungsf\u00e4higkeit beantworten zu k\u00f6nnen, sind im S 6 die wesentlichen Kern\u00adan\u00adfor\u00adder\u00adungen definiert, die typischerweise in einem Sanierungsgutachten enthalten sein m\u00fcssen:<\/p>\n<ul>\n<li>Die Beschreibung von Auftragsgegenstand und -umfang;<\/li>\n<li>Basisinformationen \u00fcber die wirtschaftliche und rechtliche Ausgangslage des Unternehmens in seinem Umfeld, einschlie\u00dflich der Verm\u00f6gens-, Finanz- und Ertragslage;<\/li>\n<li>die Analyse von Krisenstadium und -ursachen sowie Analyse, ob eine Insolvenzgef\u00e4hrdung vorliegt;<\/li>\n<li>die Darstellung des Leitbilds mit dem Gesch\u00e4ftsmodell des sanierten Unternehmens;<\/li>\n<li>die Darstellung der Ma\u00dfnahmen zur Abwendung einer Insolvenzgefahr und Bew\u00e4ltigung der Unternehmenskrise sowie zur Herstellung des Leitbilds des sanierten Unternehmens;<\/li>\n<li>ein integrierter Unternehmensplan;<\/li>\n<li>die zusammenfassende Einsch\u00e4tzung der Sanierungsf\u00e4higkeit.<\/li>\n<\/ul>\n<p>Sinn und Zweck der Begutachtung von Unternehmen in einer Krise ist zun\u00e4chst die Feststellung, welche Ur\u00adsachen zu der Krise gef\u00fchrt haben und in welchem Krisenstadium sich das Unternehmen nach dem S 6 be\u00adfindet. Insbesondere ist rasch zu kl\u00e4ren, ob bereits ein Insolvenzer\u00f6ffnungsgrund vorliegt bzw. eine Insol\u00advenz\u00adgefahr besteht.<\/p>\n<p>Dazu sind v.a. die Verm\u00f6gens-, Finanz- und Ertragslage zu analysieren und zu bewerten. Weiterhin muss die branchen\u00fcbliche Rendite bestimmt werden, um die Wett\u00adbewerbs\u00adf\u00e4hig\u00adkeit beurteilen zu k\u00f6nnen.<\/p>\n<p>Sobald die Informationen vorliegen und der Gutachter zu dem Urteil kommt, dass eine begr\u00fcndete Aussicht auf eine erfolgreiche Fortf\u00fchrung der Gesch\u00e4ftst\u00e4tigkeit besteht, beginnt die eigentliche <a href=\"https:\/\/www.roedl.de\/de-de\/de\/themen\/Seiten\/restrukturierung\/sanierung-konzept-geschaeftsmodell-transformation-gutachten-idw-s6-krise.aspx\">Re\u00adstruktur\u00adierungs\u00adarbeit<\/a>:<\/p>\n<ul>\n<li>Zun\u00e4chst muss ein Leitbild des sanierten Unternehmens erarbeitet und dargestellt werden;<\/li>\n<li>anschlie\u00dfend werden aus dem Leitbild sog. Sanierungsma\u00dfnahmen abgeleitet, um eine m\u00f6gliche Insolvenz\u00adgefahr abzuwenden und den \u201eSoll-Status&#8220; des Leitbilds zu erreichen;<\/li>\n<li>abschlie\u00dfend ist eine Liquidit\u00e4ts-, Ertrags- und Verm\u00f6gensplanung zu erstellen. Besonders Fremd\u00adkapital\u00adgeber leiten aus der Planung ab, ob sie in Zukunft das Krisenunternehmen weiter begleiten m\u00f6chten oder nicht.<\/li>\n<\/ul>\n<p>Die Qualit\u00e4t des Gutachtens ist entscheidend f\u00fcr eine weitere externe Finanzierung und damit f\u00fcr die Zukunfts\u00adsicherung des Unternehmens.<\/p>\n<p>Laut BGH soll ein Gutachten nach IDW S 6 von einem unvoreingenommenen Fachmann erstellt werden. Jedem Gesch\u00e4ftsf\u00fchrer bzw. Vorstand ist bei der Auswahl des Gutachtenerstellers zu empfehlen, auf zwei grundlegen\u00adde Aspekte zu achten:<\/p>\n<ul>\n<li>Ist der Ersteller des Gutachtens grunds\u00e4tzlich mit der Erstellung eines Sanierungsgutachtens nach IDW S 6 vertraut?<\/li>\n<li>Kann der Ersteller auch im Falle eines negativen Ausgangs des Sanierungsversuchs bzw. bei der Ablehnung der weiteren Begleitung des Unternehmens durch die finanzierenden Banken dar\u00fcber\u00adhinaus\u00adgehende Sanierungsoptionen aufzeigen, bspw. durch die Sanierung des Unternehmens im Rahmen eines <a href=\"https:\/\/www.roedl.de\/de-de\/de\/themen\/Seiten\/restrukturierung\/glaeubigergruppen-idw-s2-insolvenplan-gruppenbildung-sanierung.aspx\">Insolvenzplanverfahrens<\/a> in Eigen\u00adverwaltung?<\/li>\n<\/ul>\n<p>Neben der fachlichen Expertise sollte also darauf geachtet werden, dass der Sanierungsberater interdisziplin\u00e4r aufgestellt ist und Dienstleistungen aus unter\u00adschied\u00adlichen Fachrichtungen anbieten kann. Bei der Erstellung eines Sanierungs\u00adgutachtens wird v.a. betriebs\u00adwirtschaft\u00adliches als auch juristisches Know-how unabdingbar sein.<\/p>\n","protected":false},"excerpt":{"rendered":"<p>Unternehmen, von deren Gesch\u00e4fts\u00adf\u00fchrern ein IDW S 6 Gutachten gefordert wird, haben im Regelfall (Finanzierungs-)Probleme. Die Gesch\u00e4ftsf\u00fchrer sind angehalten, einen externen Fachmann zu beauftragen, der ein Sanierungsgutachten nach IDW S 6 erstellt. Durch das Gutachten erh\u00e4lt das Unter\u00adnehmen ein qualifiziertes und aussage\u00adkr\u00e4ftiges Testat dar\u00fcber, wie schwerwiegend die Krise ist, in der sich das Unternehmen befindet. &#8230; <a title=\"IDW S6\" class=\"read-more\" href=\"https:\/\/albrecht-fiedler.de\/projekte-1994-2020\/idw-s6\/\" aria-label=\"Mehr Informationen \u00fcber IDW S6\">Weiterlesen<\/a><\/p>\n","protected":false},"author":1,"featured_media":0,"parent":0,"menu_order":0,"comment_status":"closed","ping_status":"closed","template":"","meta":{"footnotes":""},"class_list":["post-7305","page","type-page","status-publish"],"_links":{"self":[{"href":"https:\/\/albrecht-fiedler.de\/projekte-1994-2020\/wp-json\/wp\/v2\/pages\/7305","targetHints":{"allow":["GET"]}}],"collection":[{"href":"https:\/\/albrecht-fiedler.de\/projekte-1994-2020\/wp-json\/wp\/v2\/pages"}],"about":[{"href":"https:\/\/albrecht-fiedler.de\/projekte-1994-2020\/wp-json\/wp\/v2\/types\/page"}],"author":[{"embeddable":true,"href":"https:\/\/albrecht-fiedler.de\/projekte-1994-2020\/wp-json\/wp\/v2\/users\/1"}],"replies":[{"embeddable":true,"href":"https:\/\/albrecht-fiedler.de\/projekte-1994-2020\/wp-json\/wp\/v2\/comments?post=7305"}],"version-history":[{"count":4,"href":"https:\/\/albrecht-fiedler.de\/projekte-1994-2020\/wp-json\/wp\/v2\/pages\/7305\/revisions"}],"predecessor-version":[{"id":7316,"href":"https:\/\/albrecht-fiedler.de\/projekte-1994-2020\/wp-json\/wp\/v2\/pages\/7305\/revisions\/7316"}],"wp:attachment":[{"href":"https:\/\/albrecht-fiedler.de\/projekte-1994-2020\/wp-json\/wp\/v2\/media?parent=7305"}],"curies":[{"name":"wp","href":"https:\/\/api.w.org\/{rel}","templated":true}]}}