{"id":8311,"date":"2021-08-12T03:39:36","date_gmt":"2021-08-12T03:39:36","guid":{"rendered":"https:\/\/albrecht-fiedler.de\/?page_id=8311"},"modified":"2026-01-30T20:49:12","modified_gmt":"2026-01-30T20:49:12","slug":"anschriften","status":"publish","type":"page","link":"https:\/\/albrecht-fiedler.de\/projekte-1994-2020\/anschriften\/","title":{"rendered":""},"content":{"rendered":"<p style=\"text-align: left;\"><span style=\"font-family: arial, helvetica, sans-serif; color: #000080; font-size: 16pt;\"><span style=\"color: #000000;\"><span style=\"color: #0a27c9; font-size: 18pt;\">Anschriften<\/span><span id=\"result_box\" class=\"short_text\" lang=\"en\"><span class=\"\"><br \/>\n<\/span><\/span><\/span><\/span><\/p>\n<hr \/>\n<p><span style=\"font-family: arial, helvetica, sans-serif; font-size: 10pt;\"><strong>Mehr als <span style=\"font-size: 12pt; color: #ff5500;\">\u00be<\/span> aller Projekte scheitern, weil Unternehmen zu wenig Fokus auf die weichen Fak<span style=\"color: #000000;\">toren &#8222;Kommunikation und Kollaboration&#8220; legen. Die gro\u00df<\/span>e Chance kommt mit der Digitalisierung, die verkrustete Hierarchien eliminiert und zu mehr Transparenz und Offenheit f\u00fchrt. <span style=\"color: #38c27d;\">Interkontinentale Firmen haben das <\/span><\/strong><\/span><span style=\"color: #38c27d;\"><span style=\"font-family: arial, helvetica, sans-serif; font-size: 10pt;\"><strong>wegen den gro\u00dfen Distanzen<\/strong><\/span><span style=\"font-family: arial, helvetica, sans-serif; font-size: 10pt;\"><strong> verstanden.<\/strong><\/span><\/span><\/p>\n<p><span style=\"color: #3366ff; font-family: arial, helvetica, sans-serif; font-size: 10pt;\"><strong><span style=\"color: #ff5500; font-size: 8pt;\"><span class=\"carheader\">\u25ba<\/span> <\/span><span id=\"result_box\" class=\"short_text\" lang=\"en\"><span style=\"color: #ff5500; font-size: 8pt;\">Kontakt-Daten<\/span><span class=\"\"><br \/>\n<\/span><\/span><\/strong><\/span><\/p>\n<p style=\"margin: 0cm; padding-left: 120px;\"><strong><span style=\"font-size: 10pt; font-family: 'Arial', sans-serif;\">Email:<\/span><\/strong><span style=\"font-size: 10pt; font-family: 'Arial', sans-serif;\"> albrechtfiedler@aol.com<\/span><br \/>\n<strong><span style=\"font-size: 10pt; font-family: 'Arial', sans-serif;\">Email:<\/span><\/strong><span style=\"font-size: 10pt; font-family: 'Arial', sans-serif;\"> albrecht<strong>.<\/strong>fiedler@aim-plan.com <\/span><\/p>\n<p style=\"margin: 0cm; padding-left: 120px;\"><strong><span style=\"font-size: 10pt; font-family: 'Arial', sans-serif;\">Mobil in Deutschland:<\/span><\/strong><span style=\"font-size: 10pt; font-family: 'Arial', sans-serif;\"> +49 172 7966000<\/span><br \/>\n<strong><span style=\"font-size: 10pt; font-family: 'Arial', sans-serif;\">Mobil in Mexico:<\/span><\/strong><span style=\"font-size: 10pt; font-family: 'Arial', sans-serif;\"> + 52 1 22 22 54 25 68<\/span><br \/>\n<strong><span style=\"font-size: 10pt; font-family: 'Arial', sans-serif;\">Fest:<\/span><\/strong><span style=\"font-size: 10pt; font-family: 'Arial', sans-serif;\"> + 49 2204 69486<\/span><br \/>\n<strong><span style=\"font-size: 10pt; font-family: 'Arial', sans-serif;\">Skype:<\/span><\/strong><span style=\"font-size: 10pt; font-family: 'Arial', sans-serif;\"> Albrecht_Fiedler<\/span><\/p>\n<p>&nbsp;<\/p>\n<p><strong><span style=\"font-family: arial, helvetica, sans-serif; color: #0000ff; font-size: 10pt;\"><span style=\"color: #ff5500; font-size: 8pt;\"><span class=\"carheader\">\u25ba<\/span> Wohnort-Adressen<\/span> <span id=\"result_box\" class=\"short_text\" lang=\"en\"><\/span><\/span><\/strong><\/p>\n<table style=\"border-color: #ffffff;\">\n<tbody>\n<tr>\n<td style=\"padding-left: 120px; border-color: #fafafa; background-color: #;\"><span style=\"font-family: arial, helvetica, sans-serif; font-size: 10pt;\">Dipl. Wirt.Ing. Albrecht Fiedler &#8211; Mexico,<br \/>\nCarr a Huimilpan km 3<br \/>\nFracc las Condes 2 da Secc Int 2D<br \/>\n<\/span><span style=\"font-family: arial, helvetica, sans-serif; font-size: 8pt;\"><span style=\"font-family: arial, helvetica, sans-serif;\"><strong>Google Maps: <\/strong><\/span><span style=\"font-family: arial, helvetica, sans-serif;\">Las Condes Residencial, Santiago de Quer\u00e9taro<\/span><\/span><br \/>\n<span style=\"font-family: arial, helvetica, sans-serif; font-size: 10pt;\">Corregidora Quer\u00e9taro<br \/>\nMexico<br \/>\n<\/span><\/td>\n<td style=\"padding-left: 120px; border-color: #fafafa; vertical-align: top;\"><span style=\"font-family: arial, helvetica, sans-serif; font-size: 10pt;\">Dipl. Wirt.Ing. Albrecht Fiedler &#8211; Germany,<br \/>\nIm Alten Feld 21a<br \/>\n51429 Bergisch Gladbach, <\/span><br \/>\n<span style=\"font-family: arial, helvetica, sans-serif; font-size: 8pt;\"><strong>Google Maps: <\/strong>Bensberg \/ Kaule<\/span><br \/>\n<span style=\"font-family: arial, helvetica, sans-serif; font-size: 10pt;\">Nordrhein-Westfalen<\/span><br \/>\n<span style=\"font-family: arial, helvetica, sans-serif; font-size: 10pt;\">Deutschland<\/span><\/td>\n<\/tr>\n<\/tbody>\n<\/table>\n<p style=\"padding-left: 210px;\"><iframe loading=\"lazy\" src=\"https:\/\/www.google.com\/maps\/d\/u\/0\/embed?mid=1e6ZwQc0XkOfBLerCvpeCcrY1NT51RrGT\" width=\"640\" height=\"480\"><\/iframe><\/p>\n<p><strong><span style=\"color: #0000ff; font-size: 10pt;\"><span style=\"font-family: arial, helvetica, sans-serif;\"><span class=\"carheader\">\u25ba Wohnort in <\/span><\/span><\/span><\/strong><strong><span style=\"color: #0000ff; font-size: 10pt;\"><span style=\"font-family: arial, helvetica, sans-serif;\">Mexico, <\/span><\/span><\/strong><strong><span style=\"color: #0000ff; font-size: 10pt;\"><span style=\"font-family: arial, helvetica, sans-serif;\">Santiago de Quer\u00e9taro \/ <span style=\"color: #0000ff;\">Las<\/span> Condes Residencial<br \/>\n<\/span><\/span><\/strong><\/p>\n<div id=\"links3-link-8311\" class=\"sh-link links3-link sh-hide\"><a href=\"#\" onclick=\"showhide_toggle('links3', 8311, '\u201cQRO_\u00f6ffnen\u201d', 'QRO_zuklappen'); return false;\" aria-expanded=\"false\"><span id=\"links3-toggle-8311\">\u201cQRO_\u00f6ffnen\u201d<\/span><\/a><\/div><div id=\"links3-content-8311\" class=\"sh-content links3-content sh-hide\" style=\"display: none;\"><\/p>\n<table style=\"height: 825px;\" width=\"1379\">\n<tbody>\n<tr>\n<td><a href=\"http:\/\/albrecht-fiedler.de\/wp-content\/uploads\/2020\/09\/AF14.jpg\" target=\"_blank\" rel=\"noopener\"><img loading=\"lazy\" decoding=\"async\" class=\"aligncenter wp-image-5781\" src=\"http:\/\/albrecht-fiedler.de\/wp-content\/uploads\/2020\/09\/AF14-300x144.jpg\" alt=\"\" width=\"330\" height=\"158\" srcset=\"https:\/\/albrecht-fiedler.de\/wp-content\/uploads\/2020\/09\/AF14-300x144.jpg 300w, https:\/\/albrecht-fiedler.de\/wp-content\/uploads\/2020\/09\/AF14-768x368.jpg 768w, https:\/\/albrecht-fiedler.de\/wp-content\/uploads\/2020\/09\/AF14.jpg 1506w\" sizes=\"auto, (max-width: 330px) 100vw, 330px\" \/><\/a><\/td>\n<td><a href=\"http:\/\/albrecht-fiedler.de\/wp-content\/uploads\/2020\/09\/1.jpg\" target=\"_blank\" rel=\"noopener\"><img loading=\"lazy\" decoding=\"async\" class=\"aligncenter wp-image-5783\" src=\"http:\/\/albrecht-fiedler.de\/wp-content\/uploads\/2020\/09\/1-300x171.jpg\" alt=\"\" width=\"330\" height=\"188\" srcset=\"https:\/\/albrecht-fiedler.de\/wp-content\/uploads\/2020\/09\/1-300x171.jpg 300w, https:\/\/albrecht-fiedler.de\/wp-content\/uploads\/2020\/09\/1-768x438.jpg 768w, https:\/\/albrecht-fiedler.de\/wp-content\/uploads\/2020\/09\/1.jpg 1283w\" sizes=\"auto, (max-width: 330px) 100vw, 330px\" \/><\/a><\/td>\n<td><a href=\"http:\/\/albrecht-fiedler.de\/wp-content\/uploads\/2020\/09\/AF18.jpg\" target=\"_blank\" rel=\"noopener\"><img loading=\"lazy\" decoding=\"async\" class=\"aligncenter wp-image-5798 size-medium\" src=\"http:\/\/albrecht-fiedler.de\/wp-content\/uploads\/2020\/09\/AF18-300x169.jpg\" alt=\"\" width=\"300\" height=\"169\" srcset=\"https:\/\/albrecht-fiedler.de\/wp-content\/uploads\/2020\/09\/AF18-300x169.jpg 300w, https:\/\/albrecht-fiedler.de\/wp-content\/uploads\/2020\/09\/AF18-768x434.jpg 768w, https:\/\/albrecht-fiedler.de\/wp-content\/uploads\/2020\/09\/AF18.jpg 1284w\" sizes=\"auto, (max-width: 300px) 100vw, 300px\" \/><\/a><\/td>\n<\/tr>\n<tr>\n<td><a href=\"http:\/\/albrecht-fiedler.de\/wp-content\/uploads\/2020\/09\/3.jpg\" target=\"_blank\" rel=\"noopener\"><img loading=\"lazy\" decoding=\"async\" class=\"aligncenter wp-image-5785\" src=\"http:\/\/albrecht-fiedler.de\/wp-content\/uploads\/2020\/09\/3-300x157.jpg\" alt=\"\" width=\"330\" height=\"173\" srcset=\"https:\/\/albrecht-fiedler.de\/wp-content\/uploads\/2020\/09\/3-300x157.jpg 300w, https:\/\/albrecht-fiedler.de\/wp-content\/uploads\/2020\/09\/3-768x403.jpg 768w, https:\/\/albrecht-fiedler.de\/wp-content\/uploads\/2020\/09\/3.jpg 1392w\" sizes=\"auto, (max-width: 330px) 100vw, 330px\" \/><\/a><\/td>\n<td><a href=\"http:\/\/albrecht-fiedler.de\/wp-content\/uploads\/2020\/09\/4.jpg\" target=\"_blank\" rel=\"noopener\"><img loading=\"lazy\" decoding=\"async\" class=\"aligncenter wp-image-5786\" src=\"http:\/\/albrecht-fiedler.de\/wp-content\/uploads\/2020\/09\/4-300x171.jpg\" alt=\"\" width=\"330\" height=\"188\" srcset=\"https:\/\/albrecht-fiedler.de\/wp-content\/uploads\/2020\/09\/4-300x171.jpg 300w, https:\/\/albrecht-fiedler.de\/wp-content\/uploads\/2020\/09\/4-768x437.jpg 768w, https:\/\/albrecht-fiedler.de\/wp-content\/uploads\/2020\/09\/4.jpg 1281w\" sizes=\"auto, (max-width: 330px) 100vw, 330px\" \/><\/a><\/td>\n<td><a href=\"http:\/\/albrecht-fiedler.de\/wp-content\/uploads\/2020\/09\/2.jpg\" target=\"_blank\" rel=\"noopener\"><img loading=\"lazy\" decoding=\"async\" class=\"aligncenter wp-image-5784 size-medium\" src=\"http:\/\/albrecht-fiedler.de\/wp-content\/uploads\/2020\/09\/2-300x171.jpg\" alt=\"\" width=\"300\" height=\"171\" srcset=\"https:\/\/albrecht-fiedler.de\/wp-content\/uploads\/2020\/09\/2-300x171.jpg 300w, https:\/\/albrecht-fiedler.de\/wp-content\/uploads\/2020\/09\/2-768x437.jpg 768w, https:\/\/albrecht-fiedler.de\/wp-content\/uploads\/2020\/09\/2.jpg 1286w\" sizes=\"auto, (max-width: 300px) 100vw, 300px\" \/><\/a><\/td>\n<\/tr>\n<tr>\n<td><a href=\"http:\/\/albrecht-fiedler.de\/wp-content\/uploads\/2020\/09\/AF8.jpg\" target=\"_blank\" rel=\"noopener\"><img loading=\"lazy\" decoding=\"async\" class=\"aligncenter wp-image-5789\" src=\"http:\/\/albrecht-fiedler.de\/wp-content\/uploads\/2020\/09\/AF8-300x159.jpg\" alt=\"\" width=\"330\" height=\"175\" srcset=\"https:\/\/albrecht-fiedler.de\/wp-content\/uploads\/2020\/09\/AF8-300x159.jpg 300w, https:\/\/albrecht-fiedler.de\/wp-content\/uploads\/2020\/09\/AF8-768x407.jpg 768w, https:\/\/albrecht-fiedler.de\/wp-content\/uploads\/2020\/09\/AF8.jpg 1375w\" sizes=\"auto, (max-width: 330px) 100vw, 330px\" \/><\/a><\/td>\n<td><a href=\"http:\/\/albrecht-fiedler.de\/wp-content\/uploads\/2020\/09\/AF9.jpg\" target=\"_blank\" rel=\"noopener\"><img loading=\"lazy\" decoding=\"async\" class=\"aligncenter wp-image-5790\" src=\"http:\/\/albrecht-fiedler.de\/wp-content\/uploads\/2020\/09\/AF9-300x170.jpg\" alt=\"\" width=\"330\" height=\"187\" srcset=\"https:\/\/albrecht-fiedler.de\/wp-content\/uploads\/2020\/09\/AF9-300x170.jpg 300w, https:\/\/albrecht-fiedler.de\/wp-content\/uploads\/2020\/09\/AF9-768x435.jpg 768w, https:\/\/albrecht-fiedler.de\/wp-content\/uploads\/2020\/09\/AF9.jpg 1283w\" sizes=\"auto, (max-width: 330px) 100vw, 330px\" \/><\/a><\/td>\n<td><a href=\"http:\/\/albrecht-fiedler.de\/wp-content\/uploads\/2020\/09\/AF10.jpg\" target=\"_blank\" rel=\"noopener\"><img loading=\"lazy\" decoding=\"async\" class=\"aligncenter wp-image-5791\" src=\"http:\/\/albrecht-fiedler.de\/wp-content\/uploads\/2020\/09\/AF10-300x169.jpg\" alt=\"\" width=\"330\" height=\"186\" srcset=\"https:\/\/albrecht-fiedler.de\/wp-content\/uploads\/2020\/09\/AF10-300x169.jpg 300w, https:\/\/albrecht-fiedler.de\/wp-content\/uploads\/2020\/09\/AF10-768x434.jpg 768w, https:\/\/albrecht-fiedler.de\/wp-content\/uploads\/2020\/09\/AF10.jpg 1284w\" sizes=\"auto, (max-width: 330px) 100vw, 330px\" \/><\/a><\/td>\n<\/tr>\n<tr>\n<td><a href=\"http:\/\/albrecht-fiedler.de\/wp-content\/uploads\/2020\/09\/AF11.jpg\" target=\"_blank\" rel=\"noopener\"><img loading=\"lazy\" decoding=\"async\" class=\"aligncenter wp-image-5792\" src=\"http:\/\/albrecht-fiedler.de\/wp-content\/uploads\/2020\/09\/AF11-300x155.jpg\" alt=\"\" width=\"330\" height=\"171\" srcset=\"https:\/\/albrecht-fiedler.de\/wp-content\/uploads\/2020\/09\/AF11-300x155.jpg 300w, https:\/\/albrecht-fiedler.de\/wp-content\/uploads\/2020\/09\/AF11-768x398.jpg 768w, https:\/\/albrecht-fiedler.de\/wp-content\/uploads\/2020\/09\/AF11.jpg 1391w\" sizes=\"auto, (max-width: 330px) 100vw, 330px\" \/><\/a><\/td>\n<td data-wp-editing=\"1\"><a href=\"http:\/\/albrecht-fiedler.de\/wp-content\/uploads\/2020\/09\/AF19.jpg\" target=\"_blank\" rel=\"noopener\"><img loading=\"lazy\" decoding=\"async\" class=\"aligncenter wp-image-5799 size-medium\" src=\"http:\/\/albrecht-fiedler.de\/wp-content\/uploads\/2020\/09\/AF19-300x170.jpg\" alt=\"\" width=\"300\" height=\"170\" srcset=\"https:\/\/albrecht-fiedler.de\/wp-content\/uploads\/2020\/09\/AF19-300x170.jpg 300w, https:\/\/albrecht-fiedler.de\/wp-content\/uploads\/2020\/09\/AF19-768x434.jpg 768w, https:\/\/albrecht-fiedler.de\/wp-content\/uploads\/2020\/09\/AF19.jpg 1284w\" sizes=\"auto, (max-width: 300px) 100vw, 300px\" \/><\/a><\/td>\n<td><a href=\"http:\/\/albrecht-fiedler.de\/wp-content\/uploads\/2021\/04\/QRO_3.jpg\" target=\"_blank\" rel=\"noopener\"><img loading=\"lazy\" decoding=\"async\" class=\"aligncenter wp-image-7152\" src=\"http:\/\/albrecht-fiedler.de\/wp-content\/uploads\/2021\/04\/QRO_3-300x160.jpg\" alt=\"\" width=\"330\" height=\"177\" srcset=\"https:\/\/albrecht-fiedler.de\/wp-content\/uploads\/2021\/04\/QRO_3-300x160.jpg 300w, https:\/\/albrecht-fiedler.de\/wp-content\/uploads\/2021\/04\/QRO_3-768x411.jpg 768w, https:\/\/albrecht-fiedler.de\/wp-content\/uploads\/2021\/04\/QRO_3-1536x822.jpg 1536w, https:\/\/albrecht-fiedler.de\/wp-content\/uploads\/2021\/04\/QRO_3.jpg 1544w\" sizes=\"auto, (max-width: 330px) 100vw, 330px\" \/><\/a><\/td>\n<\/tr>\n<\/tbody>\n<\/table>\n<p><strong><span style=\"font-family: arial, helvetica, sans-serif; font-size: 10pt; color: #0000ff;\">Drei f\u00fcr mich eindrucksvolle Zeichen meiner Wahlheimat in Me<\/span><span style=\"font-family: arial, helvetica, sans-serif; font-size: 10pt; color: #0000ff;\">xiko<\/span><\/strong><\/p>\n<table>\n<tbody>\n<tr>\n<td style=\"text-align: center;\"><span style=\"font-family: arial, helvetica, sans-serif; font-size: 8pt;\"><a href=\"http:\/\/albrecht-fiedler.de\/wp-content\/uploads\/2021\/04\/Popocatepetl.jpg\" target=\"_blank\" rel=\"noopener\"><img loading=\"lazy\" decoding=\"async\" class=\"alignnone wp-image-7173\" src=\"http:\/\/albrecht-fiedler.de\/wp-content\/uploads\/2021\/04\/Popocatepetl-300x196.jpg\" alt=\"\" width=\"304\" height=\"199\" srcset=\"https:\/\/albrecht-fiedler.de\/wp-content\/uploads\/2021\/04\/Popocatepetl-300x196.jpg 300w, https:\/\/albrecht-fiedler.de\/wp-content\/uploads\/2021\/04\/Popocatepetl-768x503.jpg 768w, https:\/\/albrecht-fiedler.de\/wp-content\/uploads\/2021\/04\/Popocatepetl.jpg 1184w\" sizes=\"auto, (max-width: 304px) 100vw, 304px\" \/><\/a><\/span><br \/>\n<span style=\"font-family: arial, helvetica, sans-serif; font-size: 8pt;\">Popocat\u00e9petl \/ Puebla<br \/>\n<\/span><\/td>\n<td style=\"text-align: center;\"><span style=\"font-family: arial, helvetica, sans-serif; font-size: 8pt;\"><a href=\"http:\/\/albrecht-fiedler.de\/wp-content\/uploads\/2021\/04\/Sonnenpyramide-von-Teotihuacan.jpg\" target=\"_blank\" rel=\"noopener\"><img loading=\"lazy\" decoding=\"async\" class=\"alignnone wp-image-7174\" src=\"http:\/\/albrecht-fiedler.de\/wp-content\/uploads\/2021\/04\/Sonnenpyramide-von-Teotihuacan-300x140.jpg\" alt=\"\" width=\"429\" height=\"200\" srcset=\"https:\/\/albrecht-fiedler.de\/wp-content\/uploads\/2021\/04\/Sonnenpyramide-von-Teotihuacan-300x140.jpg 300w, https:\/\/albrecht-fiedler.de\/wp-content\/uploads\/2021\/04\/Sonnenpyramide-von-Teotihuacan-768x358.jpg 768w, https:\/\/albrecht-fiedler.de\/wp-content\/uploads\/2021\/04\/Sonnenpyramide-von-Teotihuacan.jpg 1385w\" sizes=\"auto, (max-width: 429px) 100vw, 429px\" \/><\/a><\/span><br \/>\n<span style=\"font-family: arial, helvetica, sans-serif; font-size: 8pt;\">Sonnenpyramide von Teotihuac\u00e1n \/ Mexiko D.F.<br \/>\n<\/span><\/td>\n<td style=\"text-align: center;\"><span style=\"font-family: arial, helvetica, sans-serif; font-size: 8pt;\"><a href=\"http:\/\/albrecht-fiedler.de\/wp-content\/uploads\/2021\/04\/QRO-bei-Nacht.jpg\" target=\"_blank\" rel=\"noopener\"><img loading=\"lazy\" decoding=\"async\" class=\"aligncenter wp-image-7183\" src=\"http:\/\/albrecht-fiedler.de\/wp-content\/uploads\/2021\/04\/QRO-bei-Nacht-300x197.jpg\" alt=\"\" width=\"305\" height=\"200\" srcset=\"https:\/\/albrecht-fiedler.de\/wp-content\/uploads\/2021\/04\/QRO-bei-Nacht-300x197.jpg 300w, https:\/\/albrecht-fiedler.de\/wp-content\/uploads\/2021\/04\/QRO-bei-Nacht.jpg 634w\" sizes=\"auto, (max-width: 305px) 100vw, 305px\" \/><\/a>Los Arcos, Aquaduct \/ Qu\u00e9retaro<\/span><\/td>\n<\/tr>\n<\/tbody>\n<\/table>\n<p><\/div>\n<p><img loading=\"lazy\" decoding=\"async\" class=\"alignnone size-full wp-image-7193 aligncenter\" src=\"http:\/\/albrecht-fiedler.de\/wp-content\/uploads\/2021\/04\/cropped-ff-logo_kl-1.jpg\" alt=\"\" width=\"68\" height=\"60\" \/><\/p>\n","protected":false},"excerpt":{"rendered":"<p>Anschriften Mehr als \u00be aller Projekte scheitern, weil Unternehmen zu wenig Fokus auf die weichen Faktoren &#8222;Kommunikation und Kollaboration&#8220; legen. Die gro\u00dfe Chance kommt mit der Digitalisierung, die verkrustete Hierarchien eliminiert und zu mehr Transparenz und Offenheit f\u00fchrt. Interkontinentale Firmen haben das wegen den gro\u00dfen Distanzen verstanden. \u25ba Kontakt-Daten Email: albrechtfiedler@aol.com Email: albrecht.fiedler@aim-plan.com Mobil in &#8230; <a title=\"\" class=\"read-more\" href=\"https:\/\/albrecht-fiedler.de\/projekte-1994-2020\/anschriften\/\" aria-label=\"Mehr Informationen \u00fcber \">Weiterlesen<\/a><\/p>\n","protected":false},"author":1,"featured_media":0,"parent":0,"menu_order":0,"comment_status":"closed","ping_status":"closed","template":"","meta":{"footnotes":""},"class_list":["post-8311","page","type-page","status-publish"],"_links":{"self":[{"href":"https:\/\/albrecht-fiedler.de\/projekte-1994-2020\/wp-json\/wp\/v2\/pages\/8311","targetHints":{"allow":["GET"]}}],"collection":[{"href":"https:\/\/albrecht-fiedler.de\/projekte-1994-2020\/wp-json\/wp\/v2\/pages"}],"about":[{"href":"https:\/\/albrecht-fiedler.de\/projekte-1994-2020\/wp-json\/wp\/v2\/types\/page"}],"author":[{"embeddable":true,"href":"https:\/\/albrecht-fiedler.de\/projekte-1994-2020\/wp-json\/wp\/v2\/users\/1"}],"replies":[{"embeddable":true,"href":"https:\/\/albrecht-fiedler.de\/projekte-1994-2020\/wp-json\/wp\/v2\/comments?post=8311"}],"version-history":[{"count":12,"href":"https:\/\/albrecht-fiedler.de\/projekte-1994-2020\/wp-json\/wp\/v2\/pages\/8311\/revisions"}],"predecessor-version":[{"id":8714,"href":"https:\/\/albrecht-fiedler.de\/projekte-1994-2020\/wp-json\/wp\/v2\/pages\/8311\/revisions\/8714"}],"wp:attachment":[{"href":"https:\/\/albrecht-fiedler.de\/projekte-1994-2020\/wp-json\/wp\/v2\/media?parent=8311"}],"curies":[{"name":"wp","href":"https:\/\/api.w.org\/{rel}","templated":true}]}}